{"id":77033,"date":"2020-04-09T16:57:31","date_gmt":"2020-04-09T16:57:31","guid":{"rendered":"http:\/\/baselarea.sukoa.link\/?page_id=77033"},"modified":"2020-04-17T16:13:12","modified_gmt":"2020-04-17T16:13:12","slug":"conditions-generales","status":"publish","type":"page","link":"https:\/\/staging.baselarea.swiss\/fr\/conditions-generales\/","title":{"rendered":"Conditions g\u00e9n\u00e9rales"},"content":{"rendered":"[vc_row type=&#8221;full_width_content&#8221; full_screen_row_position=&#8221;middle&#8221; column_margin=&#8221;default&#8221; scene_position=&#8221;center&#8221; text_color=&#8221;dark&#8221; text_align=&#8221;left&#8221; overlay_strength=&#8221;0.3&#8243; shape_divider_position=&#8221;bottom&#8221; bg_image_animation=&#8221;none&#8221; shape_type=&#8221;&#8221;][vc_column column_padding=&#8221;no-extra-padding&#8221; column_padding_position=&#8221;all&#8221; background_color_opacity=&#8221;1&#8243; background_hover_color_opacity=&#8221;1&#8243; column_link_target=&#8221;_self&#8221; column_shadow=&#8221;none&#8221; column_border_radius=&#8221;none&#8221; width=&#8221;1\/1&#8243; tablet_width_inherit=&#8221;default&#8221; tablet_text_alignment=&#8221;default&#8221; phone_text_alignment=&#8221;default&#8221; overlay_strength=&#8221;0.3&#8243; column_border_width=&#8221;none&#8221; column_border_style=&#8221;solid&#8221; bg_image_animation=&#8221;none&#8221;][divider line_type=&#8221;Full Width Line&#8221; line_thickness=&#8221;1&#8243; divider_color=&#8221;default&#8221; custom_height=&#8221;1&#8243;][\/vc_column][\/vc_row][vc_row type=&#8221;in_container&#8221; full_screen_row_position=&#8221;middle&#8221; column_margin=&#8221;default&#8221; scene_position=&#8221;center&#8221; text_color=&#8221;dark&#8221; text_align=&#8221;left&#8221; top_padding=&#8221;50&#8243; bottom_padding=&#8221;60&#8243; overlay_strength=&#8221;0.3&#8243; shape_divider_position=&#8221;bottom&#8221; bg_image_animation=&#8221;none&#8221; shape_type=&#8221;&#8221;][vc_column column_padding=&#8221;padding-3-percent&#8221; column_padding_position=&#8221;right&#8221; background_color_opacity=&#8221;1&#8243; background_hover_color_opacity=&#8221;1&#8243; column_link_target=&#8221;_self&#8221; column_shadow=&#8221;none&#8221; column_border_radius=&#8221;none&#8221; width=&#8221;3\/4&#8243; tablet_width_inherit=&#8221;default&#8221; tablet_text_alignment=&#8221;default&#8221; phone_text_alignment=&#8221;default&#8221; overlay_strength=&#8221;0.3&#8243; column_border_width=&#8221;none&#8221; column_border_style=&#8221;solid&#8221; bg_image_animation=&#8221;none&#8221;][vc_column_text]\n<h1>Conditions g\u00e9n\u00e9rales<\/h1>\n[\/vc_column_text][vc_column_text css=&#8221;.vc_custom_1587140010753{padding-top: 25px !important;padding-bottom: 25px !important;}&#8221;]Bienvenue sur Basel Area Business &amp; Innovation!<\/p>\n<p>Les pr\u00e9sentes conditions g\u00e9n\u00e9rales d\u00e9finissent les r\u00e8gles et r\u00e9glementations relatives \u00e0 l&#8217;utilisation du site Internet de BaselArea, dont l\u2019adresse est www.baselarea.swiss.<br \/>\nEn acc\u00e9dant \u00e0 ce site Internet, nous supposons que vous acceptez ces conditions g\u00e9n\u00e9rales. Ne continuez pas \u00e0 utiliser Basel Area Business &amp; Innovation si vous n&#8217;acceptez pas toutes les conditions g\u00e9n\u00e9rales \u00e9nonc\u00e9es sur cette page.<\/p>\n<p>La terminologie suivante s&#8217;applique aux pr\u00e9sentes Conditions g\u00e9n\u00e9rales, \u00e0 la D\u00e9claration de confidentialit\u00e9 et \u00e0 l&#8217;Avis de non-responsabilit\u00e9, ainsi qu&#8217;\u00e0 tous les Accords : \u00ab Client \u00bb, \u00ab Vous \u00bb, \u00ab Votre \u00bb et \u00ab Vos \u00bb font r\u00e9f\u00e9rence \u00e0 vous, la personne qui se connecte sur ce site Internet et qui respecte les conditions g\u00e9n\u00e9rales de la Soci\u00e9t\u00e9. \u00ab Soci\u00e9t\u00e9 \u00bb, \u00ab Nous, \u00ab Notre \u00bb et \u00ab Nos \u00bb font r\u00e9f\u00e9rence \u00e0 notre Soci\u00e9t\u00e9. \u00ab Partie \u00bb, \u00ab Parties \u00bb ou \u00ab Nous \u00bb font \u00e0 la fois r\u00e9f\u00e9rence au Client et \u00e0 nous-m\u00eames.<\/p>\n<p><strong>Cookies<\/strong><\/p>\n<p>Nous utilisons des cookies. En acc\u00e9dant au site Internet de Basel Area Business &amp; Innovation, vous acceptez d&#8217;utiliser des cookies en accord avec la Politique de confidentialit\u00e9 des donn\u00e9es de BaselArea (Informations sur la protection des donn\u00e9es).<\/p>\n<p>La plupart des sites Internet interactifs utilisent des cookies pour nous permettre de r\u00e9cup\u00e9rer les coordonn\u00e9es de l&#8217;utilisateur \u00e0 chacune de ses visites. Les cookies sont utilis\u00e9s par notre site Internet afin d\u2019autoriser la fonctionnalit\u00e9 de certaines zones permettant de faciliter la consultation de notre site Internet. Certains de nos partenaires publicitaires\/affili\u00e9s peuvent \u00e9galement utiliser des cookies.<\/p>\n<p><strong>Licence<\/strong><\/p>\n<p>Sauf indication contraire, BaselArea et\/ou ses conc\u00e9dants de licence d\u00e9tiennent les droits de propri\u00e9t\u00e9 intellectuelle sur tous les \u00e9l\u00e9ments de Basel Area Business &amp; Innovation. Tous les droits de propri\u00e9t\u00e9 intellectuelle sont r\u00e9serv\u00e9s. Vous pouvez y acc\u00e9der \u00e0 partir de Basel Area Business &amp; Innovation pour votre usage personnel, sous r\u00e9serve des restrictions \u00e9nonc\u00e9es dans les pr\u00e9sentes conditions g\u00e9n\u00e9rales.<\/p>\n<p>Vous ne devez pas :[\/vc_column_text]<div class=\"nectar-fancy-ul\" data-list-icon=\"icon-salient-thin-line\" data-animation=\"false\" data-animation-delay=\"0\" data-color=\"accent-color\" data-spacing=\"default\" data-alignment=\"left\"> \n<ul>\n<li>Republier des \u00e9l\u00e9ments de Basel Area Business &amp; Innovation<\/li>\n<li>Vendre, louer ou sous-licencier des \u00e9l\u00e9ments de Basel Area Business &amp; Innovation<\/li>\n<li>Reproduire, dupliquer ou copier des \u00e9l\u00e9ments de Basel Area Business &amp; Innovation<\/li>\n<li>Republier des contenus de Basel Area Business &amp; Innovation<\/li>\n<li>Le pr\u00e9sent Accord prend effet \u00e0 la date du pr\u00e9sent document.<\/li>\n<\/ul>\n <\/div>[vc_column_text]<strong>Hyperliens vers notre Contenu<\/strong><\/p>\n<p>Les organisations suivantes peuvent cr\u00e9er des liens vers notre site Internet sans autorisation pr\u00e9alable \u00e9crite :[\/vc_column_text]<div class=\"nectar-fancy-ul\" data-list-icon=\"icon-salient-thin-line\" data-animation=\"false\" data-animation-delay=\"0\" data-color=\"accent-color\" data-spacing=\"default\" data-alignment=\"left\"> \n<ul>\n<li>Partenaires et autres agences gouvernementales,<\/li>\n<li>Moteurs de recherche,<\/li>\n<li>Organismes de presse,<\/li>\n<li>Des distributeurs d&#8217;annuaires en ligne peuvent \u00e9tablir des liens vers notre site Internet de la m\u00eame mani\u00e8re qu&#8217;ils \u00e9tablissent des hyperliens vers les sites Internet d&#8217;autres entreprises r\u00e9pertori\u00e9es et<\/li>\n<li>Les Entreprises accr\u00e9dit\u00e9es \u00e0 l&#8217;\u00e9chelle du syst\u00e8me, \u00e0 l&#8217;exception des organisations \u00e0 but non lucratif, des centres commerciaux de bienfaisance et des groupes de collecte de fonds \u00e0 des fins caritatives qui ne peuvent pas \u00e9tablir d&#8217;hyperliens avec notre site Internet.<\/li>\n<\/ul>\n <\/div>[vc_column_text]Ces organisations peuvent cr\u00e9er des liens vers notre page d\u2019accueil, vers des publications ou vers d\u2019autres informations de site Internet pour autant que le lien : (a) ne soit en aucune fa\u00e7on trompeur, (b) ne fasse pas faussement croire \u00e0 un parrainage, un agr\u00e9ment ou une autorisation de la partie proposant le lien et de ses produits et\/ou services et (c) s\u2019inscrive dans le contexte du site de la partie proposant le lien.<\/p>\n<p>Nous pourrons examiner et approuver d\u2019autres demandes de liens provenant des types d\u2019organisations suivants :[\/vc_column_text]<div class=\"nectar-fancy-ul\" data-list-icon=\"icon-salient-thin-line\" data-animation=\"false\" data-animation-delay=\"0\" data-color=\"accent-color\" data-spacing=\"default\" data-alignment=\"left\"> \n<ul>\n<li>clients et\/ou sources d\u2019informations commerciales connus,<\/li>\n<li>sites communautaires dot.com,<\/li>\n<li>\u00a0associations,<\/li>\n<li>annuaires en ligne,<\/li>\n<li>portails Internet,<\/li>\n<li>cabinets comptables, juridiques et de conseil et<\/li>\n<li>\u00e9tablissements d\u2019enseignement et associations professionnelles.<\/li>\n<\/ul>\n <\/div>[vc_column_text]Nous approuverons les demandes de liens de ces organisations si nous d\u00e9terminons que : (a) le lien ne donnerait pas une image d\u00e9favorable de nous-m\u00eames ou de nos entreprises accr\u00e9dit\u00e9es, (b) l\u2019organisation n\u2019a pas d\u2019ant\u00e9c\u00e9dents n\u00e9gatifs avec nous, (c) l\u2019avantage que nous retirons de la visibilit\u00e9 de l\u2019hyperlien compense l\u2019absence de BaselArea et (d) le lien s\u2019inscrit dans le contexte des informations g\u00e9n\u00e9rales sur les ressources.<\/p>\n<p>Ces organisations peuvent cr\u00e9er des liens vers notre page d\u2019accueil pour autant que le lien : (a) ne soit en aucune fa\u00e7on trompeur, (b) ne fasse pas faussement croire \u00e0 un parrainage, un agr\u00e9ment ou une autorisation de la partie proposant le lien et de ses produits ou services et (c) s\u2019inscrive dans le contexte du site de la partie proposant le lien.<\/p>\n<p>Si vous \u00eates l\u2019une des organisations recens\u00e9es au paragraphe 2 ci-dessus et \u00eates int\u00e9ress\u00e9s par un lien vers notre site Internet, vous devez nous en informer en envoyant un courrier \u00e9lectronique \u00e0 BaselArea. Veuillez indiquer votre nom, le nom de votre organisation, vos coordonn\u00e9es ainsi que l\u2019URL de votre site, la liste des URL \u00e0 partir desquelles vous avez l\u2019intention de cr\u00e9er un lien vers notre site Internet et la liste des URL de notre site vers lesquelles vous souhaitez cr\u00e9er un lien. Vous obtiendrez une r\u00e9ponse dans les 2-3 semaines.<\/p>\n<p>Les organisations approuv\u00e9es pourront \u00e9tablir un hyperlien vers notre site Internet comme suit:[\/vc_column_text]<div class=\"nectar-fancy-ul\" data-list-icon=\"icon-salient-thin-line\" data-animation=\"false\" data-animation-delay=\"0\" data-color=\"accent-color\" data-spacing=\"default\" data-alignment=\"left\"> \n<ul>\n<li>en utilisant notre raison sociale,<\/li>\n<li>en utilisant le localisateur de ressources uniformes auquel renvoie le lien ou<\/li>\n<li>en utilisant toute autre description de notre site Internet auquel renvoie le lien qui se r\u00e9v\u00e8le pertinente dans le contexte et le format du contenu du site de la partie \u00e9tablissant le lien.<\/li>\n<\/ul>\n <\/div>[vc_column_text css=&#8221;.vc_custom_1587139862197{padding-top: 25px !important;padding-bottom: 25px !important;}&#8221;]Aucune utilisation du logo ou de toute autre \u0153uvre de BaselArea ne sera autoris\u00e9e pour un lien en l\u2019absence d\u2019accord de licence de marque.<\/p>\n<p><strong>iFrames<\/strong><\/p>\n<p>Sans autorisation pr\u00e9alable \u00e9crite, vous ne pouvez pas cr\u00e9er de cadres autour de nos pages Internet qui alt\u00e8rent de quelque mani\u00e8re que ce soit la pr\u00e9sentation visuelle ou l\u2019apparence de notre site Internet.<\/p>\n<p><strong>Responsabilit\u00e9 du contenu<\/strong><\/p>\n<p>Notre responsabilit\u00e9 ne saurait \u00eatre engag\u00e9e au regard du contenu apparaissant sur votre site Internet. Vous acceptez de nous prot\u00e9ger et de nous d\u00e9fendre contre toutes les r\u00e9clamations se pr\u00e9sentant sur votre site Internet. Il ne doit appara\u00eetre sur un quelconque site Internet aucun lien susceptible d\u2019\u00eatre interpr\u00e9t\u00e9 comme \u00e9tant diffamatoire, obsc\u00e8ne ou criminel ou d\u2019enfreindre ou violer de quelconques droits de tiers, ou d\u2019en pr\u00e9coniser l\u2019infraction ou la violation.<\/p>\n<p><strong>Respect de votre vie priv\u00e9e<\/strong><\/p>\n<p>Veuillez lire notre Politique de confidentialit\u00e9 des donn\u00e9es (Informations sur la protection des donn\u00e9es).<\/p>\n<p><strong>R\u00e9servation de droits<\/strong><\/p>\n<p>Nous nous r\u00e9servons le droit de vous demander de supprimer tous les liens ou tout lien particulier vers notre site Internet. Vous acceptez de supprimer imm\u00e9diatement tous les liens vers notre site Internet sur demande. Nous nous r\u00e9servons \u00e9galement le droit de modifier \u00e0 tout moment les pr\u00e9sentes conditions g\u00e9n\u00e9rales et sa politique relative aux liens. En vous continuant \u00e0 vous connecter \u00e0 notre site Internet, vous acceptez d&#8217;\u00eatre li\u00e9(e) \u00e0 ces conditions g\u00e9n\u00e9rales relatives aux liens et de les respecter.<\/p>\n<p><strong>Suppression de liens depuis notre site Internet<\/strong><\/p>\n<p>Si vous trouvez un lien sur notre site Internet qui, pour quelque raison que ce soit, est offensant, vous \u00eates libre de nous contacter et de nous en informer \u00e0 tout moment. Nous examinerons les demandes de suppression de liens mais ne sommes pas oblig\u00e9s de le faire ni de vous r\u00e9pondre directement.<\/p>\n<p>Nous ne garantissons pas l&#8217;exactitude des informations figurant sur ce site Internet, nous ne garantissons pas leur exhaustivit\u00e9 ni leur exactitude ; nous ne promettons pas non plus de veiller \u00e0 ce que le site Internet demeure disponible ou \u00e0 ce que les \u00e9l\u00e9ments figurant sur le site Internet soient tenus \u00e0 jour.[\/vc_column_text][\/vc_column][\/vc_row]\n","protected":false},"excerpt":{"rendered":"<p>[vc_row type=&#8221;full_width_content&#8221; full_screen_row_position=&#8221;middle&#8221; column_margin=&#8221;default&#8221; scene_position=&#8221;center&#8221; text_color=&#8221;dark&#8221; text_align=&#8221;left&#8221; overlay_strength=&#8221;0.3&#8243; shape_divider_position=&#8221;bottom&#8221; bg_image_animation=&#8221;none&#8221; shape_type=&#8221;&#8221;][vc_column column_padding=&#8221;no-extra-padding&#8221; column_padding_position=&#8221;all&#8221; background_color_opacity=&#8221;1&#8243; background_hover_color_opacity=&#8221;1&#8243; column_link_target=&#8221;_self&#8221; column_shadow=&#8221;none&#8221; column_border_radius=&#8221;none&#8221; width=&#8221;1\/1&#8243; tablet_width_inherit=&#8221;default&#8221; tablet_text_alignment=&#8221;default&#8221; phone_text_alignment=&#8221;default&#8221; overlay_strength=&#8221;0.3&#8243; column_border_width=&#8221;none&#8221; column_border_style=&#8221;solid&#8221; bg_image_animation=&#8221;none&#8221;][divider line_type=&#8221;Full Width Line&#8221; line_thickness=&#8221;1&#8243;&#8230;<\/p>\n","protected":false},"author":2,"featured_media":0,"parent":0,"menu_order":24,"comment_status":"closed","ping_status":"closed","template":"","meta":{"footnotes":""},"class_list":["post-77033","page","type-page","status-publish"],"yoast_head":"<!-- This site is optimized with the Yoast SEO Premium plugin v25.7.1 (Yoast SEO v25.7) - https:\/\/yoast.com\/wordpress\/plugins\/seo\/ -->\n<title>Conditions g\u00e9n\u00e9rales - Basel Area Business &amp; Innovation<\/title>\n<meta name=\"robots\" content=\"noindex, follow, max-snippet:-1, max-image-preview:large, max-video-preview:-1\" \/>\n<meta property=\"og:locale\" content=\"fr_FR\" \/>\n<meta property=\"og:type\" content=\"article\" \/>\n<meta property=\"og:title\" content=\"Conditions g\u00e9n\u00e9rales\" \/>\n<meta property=\"og:description\" content=\"[vc_row type=&#8221;full_width_content&#8221; full_screen_row_position=&#8221;middle&#8221; column_margin=&#8221;default&#8221; scene_position=&#8221;center&#8221; text_color=&#8221;dark&#8221; text_align=&#8221;left&#8221; overlay_strength=&#8221;0.3&#8243; shape_divider_position=&#8221;bottom&#8221; bg_image_animation=&#8221;none&#8221; shape_type=&#8221;&#8221;][vc_column column_padding=&#8221;no-extra-padding&#8221; column_padding_position=&#8221;all&#8221; background_color_opacity=&#8221;1&#8243; background_hover_color_opacity=&#8221;1&#8243; column_link_target=&#8221;_self&#8221; column_shadow=&#8221;none&#8221; column_border_radius=&#8221;none&#8221; width=&#8221;1\/1&#8243; tablet_width_inherit=&#8221;default&#8221; tablet_text_alignment=&#8221;default&#8221; phone_text_alignment=&#8221;default&#8221; overlay_strength=&#8221;0.3&#8243; column_border_width=&#8221;none&#8221; column_border_style=&#8221;solid&#8221; bg_image_animation=&#8221;none&#8221;][divider line_type=&#8221;Full Width Line&#8221; line_thickness=&#8221;1&#8243;...\" \/>\n<meta property=\"og:url\" content=\"https:\/\/staging.baselarea.swiss\/fr\/conditions-generales\/\" \/>\n<meta property=\"og:site_name\" content=\"Basel Area Business &amp; Innovation\" \/>\n<meta property=\"article:modified_time\" content=\"2020-04-17T16:13:12+00:00\" \/>\n<meta property=\"og:image\" content=\"https:\/\/staging.baselarea.swiss\/\/wp-content\/uploads\/2020\/06\/2560x1440.jpg\" \/>\n\t<meta property=\"og:image:width\" content=\"2560\" \/>\n\t<meta property=\"og:image:height\" content=\"1440\" \/>\n\t<meta property=\"og:image:type\" content=\"image\/jpeg\" \/>\n<meta name=\"twitter:card\" content=\"summary_large_image\" \/>\n<meta name=\"twitter:site\" content=\"@BaselArea\" \/>\n<meta name=\"twitter:label1\" content=\"Est. reading time\" \/>\n\t<meta name=\"twitter:data1\" content=\"8 minutes\" \/>\n<script type=\"application\/ld+json\" class=\"yoast-schema-graph\">{\"@context\":\"https:\/\/schema.org\",\"@graph\":[{\"@type\":\"WebPage\",\"@id\":\"https:\/\/staging.baselarea.swiss\/fr\/conditions-generales\/\",\"url\":\"https:\/\/staging.baselarea.swiss\/fr\/conditions-generales\/\",\"name\":\"Conditions g\u00e9n\u00e9rales - Basel Area Business &amp; Innovation\",\"isPartOf\":{\"@id\":\"https:\/\/staging.baselarea.swiss\/fr\/#website\"},\"datePublished\":\"2020-04-09T16:57:31+00:00\",\"dateModified\":\"2020-04-17T16:13:12+00:00\",\"breadcrumb\":{\"@id\":\"https:\/\/staging.baselarea.swiss\/fr\/conditions-generales\/#breadcrumb\"},\"inLanguage\":\"fr-CH\",\"potentialAction\":[{\"@type\":\"ReadAction\",\"target\":[\"https:\/\/staging.baselarea.swiss\/fr\/conditions-generales\/\"]}]},{\"@type\":\"BreadcrumbList\",\"@id\":\"https:\/\/staging.baselarea.swiss\/fr\/conditions-generales\/#breadcrumb\",\"itemListElement\":[{\"@type\":\"ListItem\",\"position\":1,\"name\":\"Home\",\"item\":\"https:\/\/staging.baselarea.swiss\/fr\/\"},{\"@type\":\"ListItem\",\"position\":2,\"name\":\"Conditions g\u00e9n\u00e9rales\"}]},{\"@type\":\"WebSite\",\"@id\":\"https:\/\/staging.baselarea.swiss\/fr\/#website\",\"url\":\"https:\/\/staging.baselarea.swiss\/fr\/\",\"name\":\"Basel Area Business &amp; Innovation\",\"description\":\"About Basel Area Business &amp; Innovation\",\"potentialAction\":[{\"@type\":\"SearchAction\",\"target\":{\"@type\":\"EntryPoint\",\"urlTemplate\":\"https:\/\/staging.baselarea.swiss\/fr\/?s={search_term_string}\"},\"query-input\":{\"@type\":\"PropertyValueSpecification\",\"valueRequired\":true,\"valueName\":\"search_term_string\"}}],\"inLanguage\":\"fr-CH\"}]}<\/script>\n<!-- \/ Yoast SEO Premium plugin. -->","yoast_head_json":{"title":"Conditions g\u00e9n\u00e9rales - Basel Area Business &amp; Innovation","robots":{"index":"noindex","follow":"follow","max-snippet":"max-snippet:-1","max-image-preview":"max-image-preview:large","max-video-preview":"max-video-preview:-1"},"og_locale":"fr_FR","og_type":"article","og_title":"Conditions g\u00e9n\u00e9rales","og_description":"[vc_row type=&#8221;full_width_content&#8221; full_screen_row_position=&#8221;middle&#8221; column_margin=&#8221;default&#8221; scene_position=&#8221;center&#8221; text_color=&#8221;dark&#8221; text_align=&#8221;left&#8221; overlay_strength=&#8221;0.3&#8243; shape_divider_position=&#8221;bottom&#8221; bg_image_animation=&#8221;none&#8221; shape_type=&#8221;&#8221;][vc_column column_padding=&#8221;no-extra-padding&#8221; column_padding_position=&#8221;all&#8221; background_color_opacity=&#8221;1&#8243; background_hover_color_opacity=&#8221;1&#8243; column_link_target=&#8221;_self&#8221; column_shadow=&#8221;none&#8221; column_border_radius=&#8221;none&#8221; width=&#8221;1\/1&#8243; tablet_width_inherit=&#8221;default&#8221; tablet_text_alignment=&#8221;default&#8221; phone_text_alignment=&#8221;default&#8221; overlay_strength=&#8221;0.3&#8243; column_border_width=&#8221;none&#8221; column_border_style=&#8221;solid&#8221; bg_image_animation=&#8221;none&#8221;][divider line_type=&#8221;Full Width Line&#8221; line_thickness=&#8221;1&#8243;...","og_url":"https:\/\/staging.baselarea.swiss\/fr\/conditions-generales\/","og_site_name":"Basel Area Business &amp; Innovation","article_modified_time":"2020-04-17T16:13:12+00:00","og_image":[{"width":2560,"height":1440,"url":"https:\/\/staging.baselarea.swiss\/\/wp-content\/uploads\/2020\/06\/2560x1440.jpg","type":"image\/jpeg"}],"twitter_card":"summary_large_image","twitter_site":"@BaselArea","twitter_misc":{"Est. reading time":"8 minutes"},"schema":{"@context":"https:\/\/schema.org","@graph":[{"@type":"WebPage","@id":"https:\/\/staging.baselarea.swiss\/fr\/conditions-generales\/","url":"https:\/\/staging.baselarea.swiss\/fr\/conditions-generales\/","name":"Conditions g\u00e9n\u00e9rales - Basel Area Business &amp; Innovation","isPartOf":{"@id":"https:\/\/staging.baselarea.swiss\/fr\/#website"},"datePublished":"2020-04-09T16:57:31+00:00","dateModified":"2020-04-17T16:13:12+00:00","breadcrumb":{"@id":"https:\/\/staging.baselarea.swiss\/fr\/conditions-generales\/#breadcrumb"},"inLanguage":"fr-CH","potentialAction":[{"@type":"ReadAction","target":["https:\/\/staging.baselarea.swiss\/fr\/conditions-generales\/"]}]},{"@type":"BreadcrumbList","@id":"https:\/\/staging.baselarea.swiss\/fr\/conditions-generales\/#breadcrumb","itemListElement":[{"@type":"ListItem","position":1,"name":"Home","item":"https:\/\/staging.baselarea.swiss\/fr\/"},{"@type":"ListItem","position":2,"name":"Conditions g\u00e9n\u00e9rales"}]},{"@type":"WebSite","@id":"https:\/\/staging.baselarea.swiss\/fr\/#website","url":"https:\/\/staging.baselarea.swiss\/fr\/","name":"Basel Area Business &amp; Innovation","description":"About Basel Area Business &amp; Innovation","potentialAction":[{"@type":"SearchAction","target":{"@type":"EntryPoint","urlTemplate":"https:\/\/staging.baselarea.swiss\/fr\/?s={search_term_string}"},"query-input":{"@type":"PropertyValueSpecification","valueRequired":true,"valueName":"search_term_string"}}],"inLanguage":"fr-CH"}]}},"_links":{"self":[{"href":"https:\/\/staging.baselarea.swiss\/fr\/wp-json\/wp\/v2\/pages\/77033","targetHints":{"allow":["GET"]}}],"collection":[{"href":"https:\/\/staging.baselarea.swiss\/fr\/wp-json\/wp\/v2\/pages"}],"about":[{"href":"https:\/\/staging.baselarea.swiss\/fr\/wp-json\/wp\/v2\/types\/page"}],"author":[{"embeddable":true,"href":"https:\/\/staging.baselarea.swiss\/fr\/wp-json\/wp\/v2\/users\/2"}],"replies":[{"embeddable":true,"href":"https:\/\/staging.baselarea.swiss\/fr\/wp-json\/wp\/v2\/comments?post=77033"}],"version-history":[{"count":6,"href":"https:\/\/staging.baselarea.swiss\/fr\/wp-json\/wp\/v2\/pages\/77033\/revisions"}],"predecessor-version":[{"id":78891,"href":"https:\/\/staging.baselarea.swiss\/fr\/wp-json\/wp\/v2\/pages\/77033\/revisions\/78891"}],"wp:attachment":[{"href":"https:\/\/staging.baselarea.swiss\/fr\/wp-json\/wp\/v2\/media?parent=77033"}],"curies":[{"name":"wp","href":"https:\/\/api.w.org\/{rel}","templated":true}]}}